{"id":125,"date":"2025-05-08T17:09:04","date_gmt":"2025-05-08T17:09:04","guid":{"rendered":"https:\/\/maxtheexperience.com\/?page_id=125"},"modified":"2025-07-09T19:21:14","modified_gmt":"2025-07-09T19:21:14","slug":"blog","status":"publish","type":"page","link":"https:\/\/maxtheexperience.com\/es\/blog\/","title":{"rendered":"Blog"},"content":{"rendered":"<div data-elementor-type=\"wp-page\" data-elementor-id=\"125\" class=\"elementor elementor-125\">\n\t\t\t\t<div class=\"elementor-element elementor-element-f48ea5c e-flex e-con-boxed wpr-particle-no wpr-jarallax-no wpr-parallax-no wpr-sticky-section-no wpr-equal-height-no e-con e-parent\" data-id=\"f48ea5c\" data-element_type=\"container\" data-e-type=\"container\">\n\t\t\t\t\t<div class=\"e-con-inner\">\n\t\t\t\t<div class=\"elementor-element elementor-element-59a1f38 elementor-hidden-desktop elementor-hidden-tablet_extra elementor-hidden-tablet elementor-widget elementor-widget-html\" data-id=\"59a1f38\" data-element_type=\"widget\" data-e-type=\"widget\" data-widget_type=\"html.default\">\n\t\t\t\t<div class=\"elementor-widget-container\">\n\t\t\t\t\t<p style=\"font-size: 35Px; color: #332E46; font-family: 'Satoshi-bold', sans-serif; font-weight: 800; line-height: 1.1;\">\r\n  \u00daLTIMAS\r\n  <span style=\"background: linear-gradient(76deg, #FD31A6 0%, #FFAF06 99.87%);               -webkit-background-clip: text;               -webkit-text-fill-color: transparent;               display: inline-block;\">\r\n    NOTICIAS\r\n  <\/span>\r\n<\/p>\r\n\t\t\t\t<\/div>\n\t\t\t\t<\/div>\n\t\t\t\t<div class=\"elementor-element elementor-element-82d4e75 elementor-hidden-mobile elementor-widget elementor-widget-html\" data-id=\"82d4e75\" data-element_type=\"widget\" data-e-type=\"widget\" data-widget_type=\"html.default\">\n\t\t\t\t<div class=\"elementor-widget-container\">\n\t\t\t\t\t<p style=\"font-size: 58px; color: #332E46; font-family: 'Satoshi-bold', sans-serif; font-weight: 800; line-height: 1.1;\">\r\n  \u00daLTIMAS\r\n  <span style=\"background: linear-gradient(76deg, #FD31A6 0%, #FFAF06 99.87%);               -webkit-background-clip: text;               -webkit-text-fill-color: transparent;               display: inline-block;\">\r\n    NOTICIAS\r\n  <\/span>\r\n<\/p>\r\n\t\t\t\t<\/div>\n\t\t\t\t<\/div>\n\t\t\t\t\t<\/div>\n\t\t\t\t<\/div>\n\t\t<div class=\"elementor-element elementor-element-414d2d4 e-flex e-con-boxed wpr-particle-no wpr-jarallax-no wpr-parallax-no wpr-sticky-section-no wpr-equal-height-no e-con e-parent\" data-id=\"414d2d4\" data-element_type=\"container\" data-e-type=\"container\">\n\t\t\t\t\t<div class=\"e-con-inner\">\n\t\t\t\t<div class=\"elementor-element elementor-element-82ac218 elementor-widget__width-initial elementor-widget elementor-widget-text-editor\" data-id=\"82ac218\" data-element_type=\"widget\" data-e-type=\"widget\" data-widget_type=\"text-editor.default\">\n\t\t\t\t<div class=\"elementor-widget-container\">\n\t\t\t\t\t\t\t\t\t<p>Historias, c\u00e1maras, coaching y cafecito: todo lo que necesitas saber para brillar en redes sociales.<\/p>\t\t\t\t\t\t\t\t<\/div>\n\t\t\t\t<\/div>\n\t\t\t\t\t<\/div>\n\t\t\t\t<\/div>\n\t\t<div class=\"elementor-element elementor-element-3aba815 e-flex e-con-boxed wpr-particle-no wpr-jarallax-no wpr-parallax-no wpr-sticky-section-no wpr-equal-height-no e-con e-parent\" data-id=\"3aba815\" data-element_type=\"container\" data-e-type=\"container\">\n\t\t\t\t\t<div class=\"e-con-inner\">\n\t\t\t\t<div class=\"elementor-element elementor-element-7bc5fe8 wpr-grid-columns-4 wpr-item-styles-wrapper wpr-grid-columns--mobile2 wpr-grid-columns--tablet_extra3 wpr-grid-columns--tablet3 wpr-grid-pagination-center elementor-widget elementor-widget-wpr-grid\" data-id=\"7bc5fe8\" data-element_type=\"widget\" data-e-type=\"widget\" data-widget_type=\"wpr-grid.default\">\n\t\t\t\t<div class=\"elementor-widget-container\">\n\t\t\t\t\t<ul class=\"wpr-grid-filters elementor-clearfix wpr-grid-filters-sep-right\"><li class=\"wpr-pointer-none wpr-pointer-line-fx wpr-pointer-fx-fade\"><span  data-filter=\"*\" class=\"wpr-grid-filters-item wpr-active-filter\"><i class=\"wpr-grid-filters-icon-left\"><\/i>All Posts<\/span><em class=\"wpr-grid-filters-sep\"><\/em><\/li><\/ul><section class=\"wpr-grid elementor-clearfix\" data-settings=\"{&quot;layout&quot;:&quot;fitRows&quot;,&quot;stick_last_element_to_bottom&quot;:&quot;&quot;,&quot;columns_desktop&quot;:&quot;4&quot;,&quot;gutter_hr&quot;:15,&quot;gutter_hr_mobile&quot;:27,&quot;gutter_hr_mobile_extra&quot;:27,&quot;gutter_hr_tablet&quot;:27,&quot;gutter_hr_tablet_extra&quot;:20,&quot;gutter_hr_laptop&quot;:15,&quot;gutter_hr_widescreen&quot;:15,&quot;gutter_vr&quot;:15,&quot;gutter_vr_mobile&quot;:27,&quot;gutter_vr_mobile_extra&quot;:41,&quot;gutter_vr_tablet&quot;:41,&quot;gutter_vr_tablet_extra&quot;:20,&quot;gutter_vr_laptop&quot;:15,&quot;gutter_vr_widescreen&quot;:15,&quot;animation&quot;:&quot;default&quot;,&quot;animation_duration&quot;:0.3,&quot;animation_delay&quot;:0.1,&quot;deeplinking&quot;:&quot;no&quot;,&quot;filters_linkable&quot;:&quot;no&quot;,&quot;filters_default_filter&quot;:&quot;&quot;,&quot;filters_count&quot;:&quot;no&quot;,&quot;filters_hide_empty&quot;:&quot;no&quot;,&quot;filters_animation&quot;:&quot;default&quot;,&quot;filters_animation_duration&quot;:0.3,&quot;filters_animation_delay&quot;:0.1,&quot;pagination_type&quot;:&quot;numbered&quot;,&quot;pagination_max_pages&quot;:1,&quot;lightbox&quot;:{&quot;selector&quot;:&quot;.wpr-grid-image-wrap&quot;,&quot;iframeMaxWidth&quot;:&quot;60%&quot;,&quot;hash&quot;:false,&quot;autoplay&quot;:&quot;true&quot;,&quot;pause&quot;:5000,&quot;progressBar&quot;:&quot;true&quot;,&quot;counter&quot;:&quot;true&quot;,&quot;controls&quot;:&quot;true&quot;,&quot;getCaptionFromTitleOrAlt&quot;:&quot;true&quot;,&quot;thumbnail&quot;:&quot;true&quot;,&quot;showThumbByDefault&quot;:&quot;true&quot;,&quot;share&quot;:&quot;true&quot;,&quot;zoom&quot;:&quot;true&quot;,&quot;fullScreen&quot;:&quot;true&quot;,&quot;download&quot;:&quot;true&quot;}}\" data-advanced-filters=\"no\"><article class=\"wpr-grid-item elementor-clearfix post-884 post type-post status-publish format-standard has-post-thumbnail hentry category-uncategorized tag-selling-videos tag-video-content tag-videos-that-sell\"><div class=\"wpr-grid-item-inner\"><div class=\"wpr-grid-media-wrap wpr-zoom-in wpr-effect-size-medium\" data-overlay-link=\"yes\"><div class=\"wpr-grid-image-wrap\" data-src=\"https:\/\/maxtheexperience.com\/wp-content\/uploads\/2025\/05\/videos_sell_final_rounded_380x450.png\" data-img-on-hover=\"\"  data-src-secondary=\"\"><img decoding=\"async\" data-no-lazy=\"1\" src=\"https:\/\/maxtheexperience.com\/wp-content\/uploads\/2025\/05\/videos_sell_final_rounded_380x450.png\" alt=\"\ud83d\udcf9 How to Create Videos that Actually Sell\" class=\"wpr-anim-timing-ease-default\"><\/div><div class=\"wpr-grid-media-hover wpr-animation-wrap\"><div class=\"wpr-grid-media-hover-bg  wpr-overlay-roll-left wpr-anim-size-large wpr-anim-timing-ease-default wpr-anim-transparency\" data-url=\"https:\/\/maxtheexperience.com\/es\/%f0%9f%93%b9-how-to-create-videos-that-actually-sell-your-services\/\"><\/div><\/div><\/div><div class=\"wpr-grid-item-below-content elementor-clearfix\"><h2 class=\"wpr-grid-item-title elementor-repeater-item-833e9f2 wpr-grid-item-display-block wpr-grid-item-align-left wpr-pointer-none wpr-pointer-line-fx wpr-pointer-fx-slide\"><div class=\"inner-block\"><a target=\"_blank\"  href=\"https:\/\/maxtheexperience.com\/es\/%f0%9f%93%b9-how-to-create-videos-that-actually-sell-your-services\/\">\ud83d\udcf9 \u00bfC\u00f3mo crear VIDEOS que realmente si VENDAN?<\/a><\/div><\/h2><\/div><\/div><\/article><article class=\"wpr-grid-item elementor-clearfix post-2802 post type-post status-publish format-standard has-post-thumbnail hentry category-uncategorized tag-branding tag-business-videos\"><div class=\"wpr-grid-item-inner\"><div class=\"wpr-grid-media-wrap wpr-zoom-in wpr-effect-size-medium\" data-overlay-link=\"yes\"><div class=\"wpr-grid-image-wrap\" data-src=\"https:\/\/maxtheexperience.com\/wp-content\/uploads\/2025\/05\/create_video_business_rounded_380x450.png\" data-img-on-hover=\"\"  data-src-secondary=\"\"><img decoding=\"async\" data-no-lazy=\"1\" src=\"https:\/\/maxtheexperience.com\/wp-content\/uploads\/2025\/05\/create_video_business_rounded_380x450.png\" alt=\"\ud83d\udcc8 How to Create Business Videos that Actually Work\" class=\"wpr-anim-timing-ease-default\"><\/div><div class=\"wpr-grid-media-hover wpr-animation-wrap\"><div class=\"wpr-grid-media-hover-bg  wpr-overlay-roll-left wpr-anim-size-large wpr-anim-timing-ease-default wpr-anim-transparency\" data-url=\"https:\/\/maxtheexperience.com\/es\/%f0%9f%93%88-how-to-create-business-videos-that-actually-work-2\/\"><\/div><\/div><\/div><div class=\"wpr-grid-item-below-content elementor-clearfix\"><h2 class=\"wpr-grid-item-title elementor-repeater-item-833e9f2 wpr-grid-item-display-block wpr-grid-item-align-left wpr-pointer-none wpr-pointer-line-fx wpr-pointer-fx-slide\"><div class=\"inner-block\"><a target=\"_blank\"  href=\"https:\/\/maxtheexperience.com\/es\/%f0%9f%93%88-how-to-create-business-videos-that-actually-work-2\/\">\ud83d\udcf9 \u00bfC\u00f3mo crear VIDEOS que realmente si VENDAN?<\/a><\/div><\/h2><\/div><\/div><\/article><article class=\"wpr-grid-item elementor-clearfix post-886 post type-post status-publish format-standard has-post-thumbnail hentry category-uncategorized tag-camera-anxiety tag-communication-coach\"><div class=\"wpr-grid-item-inner\"><div class=\"wpr-grid-media-wrap wpr-zoom-in wpr-effect-size-medium\" data-overlay-link=\"yes\"><div class=\"wpr-grid-image-wrap\" data-src=\"https:\/\/maxtheexperience.com\/wp-content\/uploads\/2025\/05\/Camera-Anxiety-Blog-OK.png\" data-img-on-hover=\"\"  data-src-secondary=\"\"><img decoding=\"async\" data-no-lazy=\"1\" src=\"https:\/\/maxtheexperience.com\/wp-content\/uploads\/2025\/05\/Camera-Anxiety-Blog-OK.png\" alt=\"\ud83e\udde0 Overcome Camera Anxiety and Sound Like a Pro\" class=\"wpr-anim-timing-ease-default\"><\/div><div class=\"wpr-grid-media-hover wpr-animation-wrap\"><div class=\"wpr-grid-media-hover-bg  wpr-overlay-roll-left wpr-anim-size-large wpr-anim-timing-ease-default wpr-anim-transparency\" data-url=\"https:\/\/maxtheexperience.com\/es\/%f0%9f%a7%a0-overcome-camera-anxiety-and-sound-like-a-pro\/\"><\/div><\/div><\/div><div class=\"wpr-grid-item-below-content elementor-clearfix\"><h2 class=\"wpr-grid-item-title elementor-repeater-item-833e9f2 wpr-grid-item-display-block wpr-grid-item-align-left wpr-pointer-none wpr-pointer-line-fx wpr-pointer-fx-slide\"><div class=\"inner-block\"><a target=\"_blank\"  href=\"https:\/\/maxtheexperience.com\/es\/%f0%9f%a7%a0-overcome-camera-anxiety-and-sound-like-a-pro\/\">\ud83e\udde0 Supera la ANSIEDAD ante la CAMARA y Proyectate como un Pro<\/a><\/div><\/h2><\/div><\/div><\/article><article class=\"wpr-grid-item elementor-clearfix post-878 post type-post status-publish format-standard has-post-thumbnail hentry category-uncategorized tag-speak-with-confidence tag-speaking\"><div class=\"wpr-grid-item-inner\"><div class=\"wpr-grid-media-wrap wpr-zoom-in wpr-effect-size-medium\" data-overlay-link=\"yes\"><div class=\"wpr-grid-image-wrap\" data-src=\"https:\/\/maxtheexperience.com\/wp-content\/uploads\/2025\/05\/Rectangle-3-15.png\" data-img-on-hover=\"\"  data-src-secondary=\"\"><img decoding=\"async\" data-no-lazy=\"1\" src=\"https:\/\/maxtheexperience.com\/wp-content\/uploads\/2025\/05\/Rectangle-3-15.png\" alt=\"\ud83d\udde3\ufe0f Speak with Confidence: From Script to Camera\" class=\"wpr-anim-timing-ease-default\"><\/div><div class=\"wpr-grid-media-hover wpr-animation-wrap\"><div class=\"wpr-grid-media-hover-bg  wpr-overlay-roll-left wpr-anim-size-large wpr-anim-timing-ease-default wpr-anim-transparency\" data-url=\"https:\/\/maxtheexperience.com\/es\/%f0%9f%97%a3%ef%b8%8f-speak-with-confidence-from-script-to-camera\/\"><\/div><\/div><\/div><div class=\"wpr-grid-item-below-content elementor-clearfix\"><h2 class=\"wpr-grid-item-title elementor-repeater-item-833e9f2 wpr-grid-item-display-block wpr-grid-item-align-left wpr-pointer-none wpr-pointer-line-fx wpr-pointer-fx-slide\"><div class=\"inner-block\"><a target=\"_blank\"  href=\"https:\/\/maxtheexperience.com\/es\/%f0%9f%97%a3%ef%b8%8f-speak-with-confidence-from-script-to-camera\/\">\ud83d\udde3\ufe0fHabla con CONFIANZA: del Script a la Camara<\/a><\/div><\/h2><\/div><\/div><\/article><article class=\"wpr-grid-item elementor-clearfix post-876 post type-post status-publish format-standard has-post-thumbnail hentry category-uncategorized tag-business-video tag-content-video\"><div class=\"wpr-grid-item-inner\"><div class=\"wpr-grid-media-wrap wpr-zoom-in wpr-effect-size-medium\" data-overlay-link=\"yes\"><div class=\"wpr-grid-image-wrap\" data-src=\"https:\/\/maxtheexperience.com\/wp-content\/uploads\/2025\/05\/Rectangle-3-8.png\" data-img-on-hover=\"\"  data-src-secondary=\"\"><img decoding=\"async\" data-no-lazy=\"1\" src=\"https:\/\/maxtheexperience.com\/wp-content\/uploads\/2025\/05\/Rectangle-3-8.png\" alt=\"\ud83d\udcc8 How to Create Business Videos That Actually Work\" class=\"wpr-anim-timing-ease-default\"><\/div><div class=\"wpr-grid-media-hover wpr-animation-wrap\"><div class=\"wpr-grid-media-hover-bg  wpr-overlay-roll-left wpr-anim-size-large wpr-anim-timing-ease-default wpr-anim-transparency\" data-url=\"https:\/\/maxtheexperience.com\/es\/%f0%9f%93%88-how-to-create-business-videos-that-actually-work\/\"><\/div><\/div><\/div><div class=\"wpr-grid-item-below-content elementor-clearfix\"><h2 class=\"wpr-grid-item-title elementor-repeater-item-833e9f2 wpr-grid-item-display-block wpr-grid-item-align-left wpr-pointer-none wpr-pointer-line-fx wpr-pointer-fx-slide\"><div class=\"inner-block\"><a target=\"_blank\"  href=\"https:\/\/maxtheexperience.com\/es\/%f0%9f%93%88-how-to-create-business-videos-that-actually-work\/\">\ud83c\udfa5 C\u00f3mo Crear Videos Empresariales que REALMENTE Funcionan<\/a><\/div><\/h2><\/div><\/div><\/article><article class=\"wpr-grid-item elementor-clearfix post-874 post type-post status-publish format-standard has-post-thumbnail hentry category-uncategorized tag-body-languages tag-communication\"><div class=\"wpr-grid-item-inner\"><div class=\"wpr-grid-media-wrap wpr-zoom-in wpr-effect-size-medium\" data-overlay-link=\"yes\"><div class=\"wpr-grid-image-wrap\" data-src=\"https:\/\/maxtheexperience.com\/wp-content\/uploads\/2025\/05\/Rectangle-3-6.png\" data-img-on-hover=\"\"  data-src-secondary=\"\"><img decoding=\"async\" data-no-lazy=\"1\" src=\"https:\/\/maxtheexperience.com\/wp-content\/uploads\/2025\/05\/Rectangle-3-6.png\" alt=\"The 6 Body Language Mistakes that Ruin Your Videos (and How to Fix Them)\" class=\"wpr-anim-timing-ease-default\"><\/div><div class=\"wpr-grid-media-hover wpr-animation-wrap\"><div class=\"wpr-grid-media-hover-bg  wpr-overlay-roll-left wpr-anim-size-large wpr-anim-timing-ease-default wpr-anim-transparency\" data-url=\"https:\/\/maxtheexperience.com\/es\/the-7-body-language-mistakes-that-ruin-your-videos-and-how-to-fix-them\/\"><\/div><\/div><\/div><div class=\"wpr-grid-item-below-content elementor-clearfix\"><h2 class=\"wpr-grid-item-title elementor-repeater-item-833e9f2 wpr-grid-item-display-block wpr-grid-item-align-left wpr-pointer-none wpr-pointer-line-fx wpr-pointer-fx-slide\"><div class=\"inner-block\"><a target=\"_blank\"  href=\"https:\/\/maxtheexperience.com\/es\/the-7-body-language-mistakes-that-ruin-your-videos-and-how-to-fix-them\/\">\u26d4\ufe0f Los 6 Errores de Lenguaje Corporal que ARRUINAN tus Videos (y c\u00f3mo corregirlos)<\/a><\/div><\/h2><\/div><\/div><\/article><article class=\"wpr-grid-item elementor-clearfix post-872 post type-post status-publish format-standard has-post-thumbnail hentry category-uncategorized tag-authority tag-confidence tag-public-speaking-confidence\"><div class=\"wpr-grid-item-inner\"><div class=\"wpr-grid-media-wrap wpr-zoom-in wpr-effect-size-medium\" data-overlay-link=\"yes\"><div class=\"wpr-grid-image-wrap\" data-src=\"https:\/\/maxtheexperience.com\/wp-content\/uploads\/2025\/05\/Rectangle-3-13.png\" data-img-on-hover=\"\"  data-src-secondary=\"\"><img decoding=\"async\" data-no-lazy=\"1\" src=\"https:\/\/maxtheexperience.com\/wp-content\/uploads\/2025\/05\/Rectangle-3-13.png\" alt=\"5 Keys to Projecting Confidence and Authority in your Videos\" class=\"wpr-anim-timing-ease-default\"><\/div><div class=\"wpr-grid-media-hover wpr-animation-wrap\"><div class=\"wpr-grid-media-hover-bg  wpr-overlay-roll-left wpr-anim-size-large wpr-anim-timing-ease-default wpr-anim-transparency\" data-url=\"https:\/\/maxtheexperience.com\/es\/5-keys-to-projecting-confidence-and-authority-in-your-videos\/\"><\/div><\/div><\/div><div class=\"wpr-grid-item-below-content elementor-clearfix\"><h2 class=\"wpr-grid-item-title elementor-repeater-item-833e9f2 wpr-grid-item-display-block wpr-grid-item-align-left wpr-pointer-none wpr-pointer-line-fx wpr-pointer-fx-slide\"><div class=\"inner-block\"><a target=\"_blank\"  href=\"https:\/\/maxtheexperience.com\/es\/5-keys-to-projecting-confidence-and-authority-in-your-videos\/\">\ud83d\udd11  5 Claves para Proyectar CONFIANZA y AUTORIDAD en Video<\/a><\/div><\/h2><\/div><\/div><\/article><article class=\"wpr-grid-item elementor-clearfix post-868 post type-post status-publish format-standard has-post-thumbnail hentry category-uncategorized tag-communicate-on-camera tag-speaking-to-a-camera\"><div class=\"wpr-grid-item-inner\"><div class=\"wpr-grid-media-wrap wpr-zoom-in wpr-effect-size-medium\" data-overlay-link=\"yes\"><div class=\"wpr-grid-image-wrap\" data-src=\"https:\/\/maxtheexperience.com\/wp-content\/uploads\/2025\/05\/Rectangle-3-12.png\" data-img-on-hover=\"\"  data-src-secondary=\"\"><img decoding=\"async\" data-no-lazy=\"1\" src=\"https:\/\/maxtheexperience.com\/wp-content\/uploads\/2025\/05\/Rectangle-3-12.png\" alt=\"\ud83d\ude30 Struggling to SPEAK on Camera? Here\u2019s you can overcome it\" class=\"wpr-anim-timing-ease-default\"><\/div><div class=\"wpr-grid-media-hover wpr-animation-wrap\"><div class=\"wpr-grid-media-hover-bg  wpr-overlay-roll-left wpr-anim-size-large wpr-anim-timing-ease-default wpr-anim-transparency\" data-url=\"https:\/\/maxtheexperience.com\/es\/%f0%9f%98%b0-struggling-to-speak-on-camera-heres-you-can-overcome-it\/\"><\/div><\/div><\/div><div class=\"wpr-grid-item-below-content elementor-clearfix\"><h2 class=\"wpr-grid-item-title elementor-repeater-item-833e9f2 wpr-grid-item-display-block wpr-grid-item-align-left wpr-pointer-none wpr-pointer-line-fx wpr-pointer-fx-slide\"><div class=\"inner-block\"><a target=\"_blank\"  href=\"https:\/\/maxtheexperience.com\/es\/%f0%9f%98%b0-struggling-to-speak-on-camera-heres-you-can-overcome-it\/\">\ud83d\ude30 \u00bfTe cuesta HABLAR frente a la c\u00e1mara? Aqu\u00ed te decimos c\u00f3mo superarlo<\/a><\/div><\/h2><\/div><\/div><\/article><article class=\"wpr-grid-item elementor-clearfix post-865 post type-post status-publish format-standard has-post-thumbnail hentry category-uncategorized tag-camera-anxiety tag-scare-to-camera tag-speaking-to-a-camera\"><div class=\"wpr-grid-item-inner\"><div class=\"wpr-grid-media-wrap wpr-zoom-in wpr-effect-size-medium\" data-overlay-link=\"yes\"><div class=\"wpr-grid-image-wrap\" data-src=\"https:\/\/maxtheexperience.com\/wp-content\/uploads\/2025\/05\/Rectangle-3-11.png\" data-img-on-hover=\"\"  data-src-secondary=\"\"><img decoding=\"async\" data-no-lazy=\"1\" src=\"https:\/\/maxtheexperience.com\/wp-content\/uploads\/2025\/05\/Rectangle-3-11.png\" alt=\"\ud83d\udcaaHow to Overcome Camera Fright: 7 Proven Techniques\" class=\"wpr-anim-timing-ease-default\"><\/div><div class=\"wpr-grid-media-hover wpr-animation-wrap\"><div class=\"wpr-grid-media-hover-bg  wpr-overlay-roll-left wpr-anim-size-large wpr-anim-timing-ease-default wpr-anim-transparency\" data-url=\"https:\/\/maxtheexperience.com\/es\/how-to-overcome-camera-fright-7-proven-techniques\/\"><\/div><\/div><\/div><div class=\"wpr-grid-item-below-content elementor-clearfix\"><h2 class=\"wpr-grid-item-title elementor-repeater-item-833e9f2 wpr-grid-item-display-block wpr-grid-item-align-left wpr-pointer-none wpr-pointer-line-fx wpr-pointer-fx-slide\"><div class=\"inner-block\"><a target=\"_blank\"  href=\"https:\/\/maxtheexperience.com\/es\/how-to-overcome-camera-fright-7-proven-techniques\/\">\ud83d\udcaa \u00bfC\u00f3mo Superar el Miedo a la C\u00e1mara? - 7 T\u00e9cnicas Comprobadas<\/a><\/div><\/h2><\/div><\/div><\/article><article class=\"wpr-grid-item elementor-clearfix post-862 post type-post status-publish format-standard has-post-thumbnail hentry category-uncategorized tag-communication-skills tag-effective-communication\"><div class=\"wpr-grid-item-inner\"><div class=\"wpr-grid-media-wrap wpr-zoom-in wpr-effect-size-medium\" data-overlay-link=\"yes\"><div class=\"wpr-grid-image-wrap\" data-src=\"https:\/\/maxtheexperience.com\/wp-content\/uploads\/2025\/05\/communication_vibrant_rounded_380x450.png\" data-img-on-hover=\"\"  data-src-secondary=\"\"><img decoding=\"async\" data-no-lazy=\"1\" src=\"https:\/\/maxtheexperience.com\/wp-content\/uploads\/2025\/05\/communication_vibrant_rounded_380x450.png\" alt=\"\ud83e\udde0What Makes Communication Truly Effective?\" class=\"wpr-anim-timing-ease-default\"><\/div><div class=\"wpr-grid-media-hover wpr-animation-wrap\"><div class=\"wpr-grid-media-hover-bg  wpr-overlay-roll-left wpr-anim-size-large wpr-anim-timing-ease-default wpr-anim-transparency\" data-url=\"https:\/\/maxtheexperience.com\/es\/effective-communication\/\"><\/div><\/div><\/div><div class=\"wpr-grid-item-below-content elementor-clearfix\"><h2 class=\"wpr-grid-item-title elementor-repeater-item-833e9f2 wpr-grid-item-display-block wpr-grid-item-align-left wpr-pointer-none wpr-pointer-line-fx wpr-pointer-fx-slide\"><div class=\"inner-block\"><a target=\"_blank\"  href=\"https:\/\/maxtheexperience.com\/es\/effective-communication\/\">\ud83e\udde0\u00bfQu\u00e9 hace Que la Comunicaci\u00f3n Sea Realmente Efectiva?<\/a><\/div><\/h2><\/div><\/div><\/article><\/section>\t\t\t\t<\/div>\n\t\t\t\t<\/div>\n\t\t\t\t\t<\/div>\n\t\t\t\t<\/div>\n\t\t\t\t<\/div>","protected":false},"excerpt":{"rendered":"<p>LATEST NEWS LATEST NEWS Stories, cameras, coaching, and coffee: everything you need to shine on social media. All Posts \ud83d\udcc8 How to Create Business Videos that Actually Work \ud83e\udde0 Overcome Camera Anxiety and Sound Like a Pro \ud83d\udcf9 How to Create Videos that Actually Sell \ud83d\udde3\ufe0f Speak with Confidence: From Script to Camera \ud83d\udcc8 How to Create Business Videos That Actually Work The 6 Body Language Mistakes that Ruin Your Videos (and How to Fix Them) 5 Keys to Projecting Confidence and Authority in your Videos \ud83d\ude30 Struggling to SPEAK on Camera? Here\u2019s you can overcome it \ud83d\udcaaHow to Overcome Camera Fright: 7 Proven Techniques \ud83e\udde0What Makes Communication Truly Effective?<\/p>","protected":false},"author":2,"featured_media":893,"parent":0,"menu_order":0,"comment_status":"closed","ping_status":"closed","template":"elementor_header_footer","meta":{"site-sidebar-layout":"no-sidebar","site-content-layout":"","ast-site-content-layout":"full-width-container","site-content-style":"default","site-sidebar-style":"default","ast-global-header-display":"","ast-banner-title-visibility":"","ast-main-header-display":"","ast-hfb-above-header-display":"","ast-hfb-below-header-display":"","ast-hfb-mobile-header-display":"","site-post-title":"disabled","ast-breadcrumbs-content":"","ast-featured-img":"disabled","footer-sml-layout":"","ast-disable-related-posts":"","theme-transparent-header-meta":"","adv-header-id-meta":"","stick-header-meta":"","header-above-stick-meta":"","header-main-stick-meta":"","header-below-stick-meta":"","astra-migrate-meta-layouts":"default","ast-page-background-enabled":"default","ast-page-background-meta":{"desktop":{"background-color":"var(--ast-global-color-5)","background-image":"","background-repeat":"repeat","background-position":"center center","background-size":"auto","background-attachment":"scroll","background-type":"","background-media":"","overlay-type":"","overlay-color":"","overlay-opacity":"","overlay-gradient":""},"tablet":{"background-color":"","background-image":"","background-repeat":"repeat","background-position":"center center","background-size":"auto","background-attachment":"scroll","background-type":"","background-media":"","overlay-type":"","overlay-color":"","overlay-opacity":"","overlay-gradient":""},"mobile":{"background-color":"","background-image":"","background-repeat":"repeat","background-position":"center center","background-size":"auto","background-attachment":"scroll","background-type":"","background-media":"","overlay-type":"","overlay-color":"","overlay-opacity":"","overlay-gradient":""}},"ast-content-background-meta":{"desktop":{"background-color":"var(--ast-global-color-4)","background-image":"","background-repeat":"repeat","background-position":"center center","background-size":"auto","background-attachment":"scroll","background-type":"","background-media":"","overlay-type":"","overlay-color":"","overlay-opacity":"","overlay-gradient":""},"tablet":{"background-color":"var(--ast-global-color-4)","background-image":"","background-repeat":"repeat","background-position":"center center","background-size":"auto","background-attachment":"scroll","background-type":"","background-media":"","overlay-type":"","overlay-color":"","overlay-opacity":"","overlay-gradient":""},"mobile":{"background-color":"var(--ast-global-color-4)","background-image":"","background-repeat":"repeat","background-position":"center center","background-size":"auto","background-attachment":"scroll","background-type":"","background-media":"","overlay-type":"","overlay-color":"","overlay-opacity":"","overlay-gradient":""}},"footnotes":""},"class_list":["post-125","page","type-page","status-publish","has-post-thumbnail","hentry"],"_links":{"self":[{"href":"https:\/\/maxtheexperience.com\/es\/wp-json\/wp\/v2\/pages\/125","targetHints":{"allow":["GET"]}}],"collection":[{"href":"https:\/\/maxtheexperience.com\/es\/wp-json\/wp\/v2\/pages"}],"about":[{"href":"https:\/\/maxtheexperience.com\/es\/wp-json\/wp\/v2\/types\/page"}],"author":[{"embeddable":true,"href":"https:\/\/maxtheexperience.com\/es\/wp-json\/wp\/v2\/users\/2"}],"replies":[{"embeddable":true,"href":"https:\/\/maxtheexperience.com\/es\/wp-json\/wp\/v2\/comments?post=125"}],"version-history":[{"count":96,"href":"https:\/\/maxtheexperience.com\/es\/wp-json\/wp\/v2\/pages\/125\/revisions"}],"predecessor-version":[{"id":5339,"href":"https:\/\/maxtheexperience.com\/es\/wp-json\/wp\/v2\/pages\/125\/revisions\/5339"}],"wp:featuredmedia":[{"embeddable":true,"href":"https:\/\/maxtheexperience.com\/es\/wp-json\/wp\/v2\/media\/893"}],"wp:attachment":[{"href":"https:\/\/maxtheexperience.com\/es\/wp-json\/wp\/v2\/media?parent=125"}],"curies":[{"name":"wp","href":"https:\/\/api.w.org\/{rel}","templated":true}]}}